{"id":518,"date":"2024-01-01T19:54:51","date_gmt":"2024-01-01T19:54:51","guid":{"rendered":"https:\/\/gracol.com.co\/?post_type=product&#038;p=518"},"modified":"2024-03-12T17:25:01","modified_gmt":"2024-03-12T17:25:01","slug":"zaragoza","status":"publish","type":"product","link":"https:\/\/gracol.com.co\/en\/product\/zaragoza\/","title":{"rendered":"Red Bean"},"content":{"rendered":"<p class=\"p1\">One of the most consumed legumes and the most versatile. Our Zaragoza ALGRAN will be the perfect ingredient for all your recipes, soups, stews. Stews. Sauteed or even in dressings. They provide an excellent supply of minerals and vitamins. They are a source of vegetable protein. Thanks to their antioxidants they keep our skin healthy and have a high vitamin C content. Fiber, calcium and iron.<\/p>","protected":false},"excerpt":{"rendered":"<p>De las legumbres m\u00e1s consumidas y la m\u00e1s vers\u00e1til. Nuestra Zaragoza ALGRAN ser\u00e1 el ingrediente Perfecto poro Lodos tus recetas, sopas, bolsos. Guisos. Salteados u hasta en aderezos. Nos brindan un Excelente aporte de minerales y vitaminas. Son uno Fuente de prote\u00edna vegetal. Gracias o sus antioxidantes Mantienen nuestra piel saludable y tienen un alto [&hellip;]<\/p>","protected":false},"featured_media":519,"comment_status":"open","ping_status":"closed","template":"","meta":{"_joinchat":[]},"product_cat":[20,29],"product_tag":[],"class_list":{"0":"post-518","1":"product","2":"type-product","3":"status-publish","4":"has-post-thumbnail","6":"product_cat-todoslosproductos","7":"product_cat-granos-y-cereales","9":"first","10":"instock","11":"shipping-taxable","12":"product-type-simple"},"yoast_head":"<!-- This site is optimized with the Yoast SEO plugin v23.5 - https:\/\/yoast.com\/wordpress\/plugins\/seo\/ -->\n<title>Zaragoza - Gracol<\/title>\n<meta name=\"robots\" content=\"index, follow, max-snippet:-1, max-image-preview:large, max-video-preview:-1\" \/>\n<link rel=\"canonical\" href=\"https:\/\/gracol.com.co\/en\/product\/zaragoza\/\" \/>\n<meta property=\"og:locale\" content=\"en_US\" \/>\n<meta property=\"og:type\" content=\"article\" \/>\n<meta property=\"og:title\" content=\"Zaragoza - Gracol\" \/>\n<meta property=\"og:description\" content=\"De las legumbres m\u00e1s consumidas y la m\u00e1s vers\u00e1til. Nuestra Zaragoza ALGRAN ser\u00e1 el ingrediente Perfecto poro Lodos tus recetas, sopas, bolsos. Guisos. Salteados u hasta en aderezos. Nos brindan un Excelente aporte de minerales y vitaminas. Son uno Fuente de prote\u00edna vegetal. Gracias o sus antioxidantes Mantienen nuestra piel saludable y tienen un alto [&hellip;]\" \/>\n<meta property=\"og:url\" content=\"https:\/\/gracol.com.co\/en\/product\/zaragoza\/\" \/>\n<meta property=\"og:site_name\" content=\"Gracol\" \/>\n<meta property=\"article:modified_time\" content=\"2024-03-12T17:25:01+00:00\" \/>\n<meta property=\"og:image\" content=\"https:\/\/gracol.com.co\/wp-content\/uploads\/2024\/02\/producto-gracol-zaragosa.png\" \/>\n\t<meta property=\"og:image:width\" content=\"1140\" \/>\n\t<meta property=\"og:image:height\" content=\"1262\" \/>\n\t<meta property=\"og:image:type\" content=\"image\/png\" \/>\n<meta name=\"twitter:card\" content=\"summary_large_image\" \/>\n<meta name=\"twitter:label1\" content=\"Est. reading time\" \/>\n\t<meta name=\"twitter:data1\" content=\"1 minute\" \/>\n<script type=\"application\/ld+json\" class=\"yoast-schema-graph\">{\"@context\":\"https:\/\/schema.org\",\"@graph\":[{\"@type\":\"WebPage\",\"@id\":\"https:\/\/gracol.com.co\/producto\/zaragoza\/\",\"url\":\"https:\/\/gracol.com.co\/producto\/zaragoza\/\",\"name\":\"Zaragoza - Gracol\",\"isPartOf\":{\"@id\":\"https:\/\/gracol.com.co\/#website\"},\"primaryImageOfPage\":{\"@id\":\"https:\/\/gracol.com.co\/producto\/zaragoza\/#primaryimage\"},\"image\":{\"@id\":\"https:\/\/gracol.com.co\/producto\/zaragoza\/#primaryimage\"},\"thumbnailUrl\":\"https:\/\/gracol.com.co\/wp-content\/uploads\/2024\/02\/producto-gracol-zaragosa.png\",\"datePublished\":\"2024-01-01T19:54:51+00:00\",\"dateModified\":\"2024-03-12T17:25:01+00:00\",\"breadcrumb\":{\"@id\":\"https:\/\/gracol.com.co\/producto\/zaragoza\/#breadcrumb\"},\"inLanguage\":\"en-US\",\"potentialAction\":[{\"@type\":\"ReadAction\",\"target\":[\"https:\/\/gracol.com.co\/producto\/zaragoza\/\"]}]},{\"@type\":\"ImageObject\",\"inLanguage\":\"en-US\",\"@id\":\"https:\/\/gracol.com.co\/producto\/zaragoza\/#primaryimage\",\"url\":\"https:\/\/gracol.com.co\/wp-content\/uploads\/2024\/02\/producto-gracol-zaragosa.png\",\"contentUrl\":\"https:\/\/gracol.com.co\/wp-content\/uploads\/2024\/02\/producto-gracol-zaragosa.png\",\"width\":1140,\"height\":1262},{\"@type\":\"BreadcrumbList\",\"@id\":\"https:\/\/gracol.com.co\/producto\/zaragoza\/#breadcrumb\",\"itemListElement\":[{\"@type\":\"ListItem\",\"position\":1,\"name\":\"Portada\",\"item\":\"https:\/\/gracol.com.co\/\"},{\"@type\":\"ListItem\",\"position\":2,\"name\":\"Productos\",\"item\":\"https:\/\/gracol.com.co\/tienda\/\"},{\"@type\":\"ListItem\",\"position\":3,\"name\":\"Zaragoza\"}]},{\"@type\":\"WebSite\",\"@id\":\"https:\/\/gracol.com.co\/#website\",\"url\":\"https:\/\/gracol.com.co\/\",\"name\":\"Gracol\",\"description\":\"\",\"publisher\":{\"@id\":\"https:\/\/gracol.com.co\/#organization\"},\"potentialAction\":[{\"@type\":\"SearchAction\",\"target\":{\"@type\":\"EntryPoint\",\"urlTemplate\":\"https:\/\/gracol.com.co\/?s={search_term_string}\"},\"query-input\":{\"@type\":\"PropertyValueSpecification\",\"valueRequired\":true,\"valueName\":\"search_term_string\"}}],\"inLanguage\":\"en-US\"},{\"@type\":\"Organization\",\"@id\":\"https:\/\/gracol.com.co\/#organization\",\"name\":\"Gracol\",\"url\":\"https:\/\/gracol.com.co\/\",\"logo\":{\"@type\":\"ImageObject\",\"inLanguage\":\"en-US\",\"@id\":\"https:\/\/gracol.com.co\/#\/schema\/logo\/image\/\",\"url\":\"https:\/\/gracol.com.co\/wp-content\/uploads\/2024\/01\/Logo-Gracol.png\",\"contentUrl\":\"https:\/\/gracol.com.co\/wp-content\/uploads\/2024\/01\/Logo-Gracol.png\",\"width\":511,\"height\":233,\"caption\":\"Gracol\"},\"image\":{\"@id\":\"https:\/\/gracol.com.co\/#\/schema\/logo\/image\/\"}}]}<\/script>\n<!-- \/ Yoast SEO plugin. -->","yoast_head_json":{"title":"Zaragoza - Gracol","robots":{"index":"index","follow":"follow","max-snippet":"max-snippet:-1","max-image-preview":"max-image-preview:large","max-video-preview":"max-video-preview:-1"},"canonical":"https:\/\/gracol.com.co\/en\/product\/zaragoza\/","og_locale":"en_US","og_type":"article","og_title":"Zaragoza - Gracol","og_description":"De las legumbres m\u00e1s consumidas y la m\u00e1s vers\u00e1til. Nuestra Zaragoza ALGRAN ser\u00e1 el ingrediente Perfecto poro Lodos tus recetas, sopas, bolsos. Guisos. Salteados u hasta en aderezos. Nos brindan un Excelente aporte de minerales y vitaminas. Son uno Fuente de prote\u00edna vegetal. Gracias o sus antioxidantes Mantienen nuestra piel saludable y tienen un alto [&hellip;]","og_url":"https:\/\/gracol.com.co\/en\/product\/zaragoza\/","og_site_name":"Gracol","article_modified_time":"2024-03-12T17:25:01+00:00","og_image":[{"width":1140,"height":1262,"url":"https:\/\/gracol.com.co\/wp-content\/uploads\/2024\/02\/producto-gracol-zaragosa.png","type":"image\/png"}],"twitter_card":"summary_large_image","twitter_misc":{"Est. reading time":"1 minute"},"schema":{"@context":"https:\/\/schema.org","@graph":[{"@type":"WebPage","@id":"https:\/\/gracol.com.co\/producto\/zaragoza\/","url":"https:\/\/gracol.com.co\/producto\/zaragoza\/","name":"Zaragoza - Gracol","isPartOf":{"@id":"https:\/\/gracol.com.co\/#website"},"primaryImageOfPage":{"@id":"https:\/\/gracol.com.co\/producto\/zaragoza\/#primaryimage"},"image":{"@id":"https:\/\/gracol.com.co\/producto\/zaragoza\/#primaryimage"},"thumbnailUrl":"https:\/\/gracol.com.co\/wp-content\/uploads\/2024\/02\/producto-gracol-zaragosa.png","datePublished":"2024-01-01T19:54:51+00:00","dateModified":"2024-03-12T17:25:01+00:00","breadcrumb":{"@id":"https:\/\/gracol.com.co\/producto\/zaragoza\/#breadcrumb"},"inLanguage":"en-US","potentialAction":[{"@type":"ReadAction","target":["https:\/\/gracol.com.co\/producto\/zaragoza\/"]}]},{"@type":"ImageObject","inLanguage":"en-US","@id":"https:\/\/gracol.com.co\/producto\/zaragoza\/#primaryimage","url":"https:\/\/gracol.com.co\/wp-content\/uploads\/2024\/02\/producto-gracol-zaragosa.png","contentUrl":"https:\/\/gracol.com.co\/wp-content\/uploads\/2024\/02\/producto-gracol-zaragosa.png","width":1140,"height":1262},{"@type":"BreadcrumbList","@id":"https:\/\/gracol.com.co\/producto\/zaragoza\/#breadcrumb","itemListElement":[{"@type":"ListItem","position":1,"name":"Portada","item":"https:\/\/gracol.com.co\/"},{"@type":"ListItem","position":2,"name":"Productos","item":"https:\/\/gracol.com.co\/tienda\/"},{"@type":"ListItem","position":3,"name":"Zaragoza"}]},{"@type":"WebSite","@id":"https:\/\/gracol.com.co\/#website","url":"https:\/\/gracol.com.co\/","name":"Gracol","description":"","publisher":{"@id":"https:\/\/gracol.com.co\/#organization"},"potentialAction":[{"@type":"SearchAction","target":{"@type":"EntryPoint","urlTemplate":"https:\/\/gracol.com.co\/?s={search_term_string}"},"query-input":{"@type":"PropertyValueSpecification","valueRequired":true,"valueName":"search_term_string"}}],"inLanguage":"en-US"},{"@type":"Organization","@id":"https:\/\/gracol.com.co\/#organization","name":"Gracol","url":"https:\/\/gracol.com.co\/","logo":{"@type":"ImageObject","inLanguage":"en-US","@id":"https:\/\/gracol.com.co\/#\/schema\/logo\/image\/","url":"https:\/\/gracol.com.co\/wp-content\/uploads\/2024\/01\/Logo-Gracol.png","contentUrl":"https:\/\/gracol.com.co\/wp-content\/uploads\/2024\/01\/Logo-Gracol.png","width":511,"height":233,"caption":"Gracol"},"image":{"@id":"https:\/\/gracol.com.co\/#\/schema\/logo\/image\/"}}]}},"_links":{"self":[{"href":"https:\/\/gracol.com.co\/en\/wp-json\/wp\/v2\/product\/518","targetHints":{"allow":["GET"]}}],"collection":[{"href":"https:\/\/gracol.com.co\/en\/wp-json\/wp\/v2\/product"}],"about":[{"href":"https:\/\/gracol.com.co\/en\/wp-json\/wp\/v2\/types\/product"}],"replies":[{"embeddable":true,"href":"https:\/\/gracol.com.co\/en\/wp-json\/wp\/v2\/comments?post=518"}],"wp:featuredmedia":[{"embeddable":true,"href":"https:\/\/gracol.com.co\/en\/wp-json\/wp\/v2\/media\/519"}],"wp:attachment":[{"href":"https:\/\/gracol.com.co\/en\/wp-json\/wp\/v2\/media?parent=518"}],"wp:term":[{"taxonomy":"product_cat","embeddable":true,"href":"https:\/\/gracol.com.co\/en\/wp-json\/wp\/v2\/product_cat?post=518"},{"taxonomy":"product_tag","embeddable":true,"href":"https:\/\/gracol.com.co\/en\/wp-json\/wp\/v2\/product_tag?post=518"}],"curies":[{"name":"wp","href":"https:\/\/api.w.org\/{rel}","templated":true}]}}