{"id":1100,"date":"2024-02-20T14:44:54","date_gmt":"2024-02-20T14:44:54","guid":{"rendered":"https:\/\/gracol.com.co\/producto\/lomitos-de-atun-en-agua-2\/"},"modified":"2024-02-20T19:48:38","modified_gmt":"2024-02-20T19:48:38","slug":"lomitos-de-atun-en-agua-2","status":"publish","type":"product","link":"https:\/\/gracol.com.co\/en\/product\/lomitos-de-atun-en-agua-2\/","title":{"rendered":"Tuna Loins In Water Amar Brand"},"content":{"rendered":"<p>The AMAR tuna loin is an excellent choice.<br \/>\nto make simple dishes with lots of flavor.<br \/>\nYou can prepare it cold or roast it to highlight its<br \/>\ndelicious flavor. Create the most delicious recipes by<br \/>\nmix it with salads or your favorite casserole.<\/p>","protected":false},"excerpt":{"rendered":"<p>The AMAR tuna loin is an excellent option for simple dishes with lots of flavor. You can prepare it cold or grill it to enhance its delicious flavor. Create the most delicious recipes by mixing it with salads or your favorite casserole.<\/p>","protected":false},"featured_media":1160,"comment_status":"closed","ping_status":"closed","template":"","meta":{"_joinchat":[]},"product_cat":[20,32],"product_tag":[],"class_list":{"0":"post-1100","1":"product","2":"type-product","3":"status-publish","4":"has-post-thumbnail","6":"product_cat-todoslosproductos","7":"product_cat-enlatados-2","9":"first","10":"instock","11":"shipping-taxable","12":"product-type-simple"},"yoast_head":"<!-- This site is optimized with the Yoast SEO plugin v23.5 - https:\/\/yoast.com\/wordpress\/plugins\/seo\/ -->\n<title>Lomitos de at\u00fan en agua - Gracol<\/title>\n<meta name=\"robots\" content=\"index, follow, max-snippet:-1, max-image-preview:large, max-video-preview:-1\" \/>\n<link rel=\"canonical\" href=\"https:\/\/gracol.com.co\/en\/product\/lomitos-de-atun-en-agua-2\/\" \/>\n<meta property=\"og:locale\" content=\"en_US\" \/>\n<meta property=\"og:type\" content=\"article\" \/>\n<meta property=\"og:title\" content=\"Lomitos de at\u00fan en agua - Gracol\" \/>\n<meta property=\"og:description\" content=\"El lomito de at\u00fan AMAR es uno excelente opci\u00f3n para realizar platillos sencillos y con mucho sabor. Puedes prepararlo fr\u00edo o asarlo poro resaltar su delicioso sabor. Crea los recetas m\u00e1s deliciosas al mezclarla con ensaladas o tu cacerola favorita.\" \/>\n<meta property=\"og:url\" content=\"https:\/\/gracol.com.co\/en\/product\/lomitos-de-atun-en-agua-2\/\" \/>\n<meta property=\"og:site_name\" content=\"Gracol\" \/>\n<meta property=\"article:modified_time\" content=\"2024-02-20T19:48:38+00:00\" \/>\n<meta property=\"og:image\" content=\"https:\/\/gracol.com.co\/wp-content\/uploads\/2024\/02\/peskar-7.png\" \/>\n\t<meta property=\"og:image:width\" content=\"1080\" \/>\n\t<meta property=\"og:image:height\" content=\"1080\" \/>\n\t<meta property=\"og:image:type\" content=\"image\/png\" \/>\n<meta name=\"twitter:card\" content=\"summary_large_image\" \/>\n<script type=\"application\/ld+json\" class=\"yoast-schema-graph\">{\"@context\":\"https:\/\/schema.org\",\"@graph\":[{\"@type\":\"WebPage\",\"@id\":\"https:\/\/gracol.com.co\/producto\/lomitos-de-atun-en-agua-2\/\",\"url\":\"https:\/\/gracol.com.co\/producto\/lomitos-de-atun-en-agua-2\/\",\"name\":\"Lomitos de at\u00fan en agua - Gracol\",\"isPartOf\":{\"@id\":\"https:\/\/gracol.com.co\/#website\"},\"primaryImageOfPage\":{\"@id\":\"https:\/\/gracol.com.co\/producto\/lomitos-de-atun-en-agua-2\/#primaryimage\"},\"image\":{\"@id\":\"https:\/\/gracol.com.co\/producto\/lomitos-de-atun-en-agua-2\/#primaryimage\"},\"thumbnailUrl\":\"https:\/\/gracol.com.co\/wp-content\/uploads\/2024\/02\/peskar-7.png\",\"datePublished\":\"2024-02-20T14:44:54+00:00\",\"dateModified\":\"2024-02-20T19:48:38+00:00\",\"breadcrumb\":{\"@id\":\"https:\/\/gracol.com.co\/producto\/lomitos-de-atun-en-agua-2\/#breadcrumb\"},\"inLanguage\":\"en-US\",\"potentialAction\":[{\"@type\":\"ReadAction\",\"target\":[\"https:\/\/gracol.com.co\/producto\/lomitos-de-atun-en-agua-2\/\"]}]},{\"@type\":\"ImageObject\",\"inLanguage\":\"en-US\",\"@id\":\"https:\/\/gracol.com.co\/producto\/lomitos-de-atun-en-agua-2\/#primaryimage\",\"url\":\"https:\/\/gracol.com.co\/wp-content\/uploads\/2024\/02\/peskar-7.png\",\"contentUrl\":\"https:\/\/gracol.com.co\/wp-content\/uploads\/2024\/02\/peskar-7.png\",\"width\":1080,\"height\":1080},{\"@type\":\"BreadcrumbList\",\"@id\":\"https:\/\/gracol.com.co\/producto\/lomitos-de-atun-en-agua-2\/#breadcrumb\",\"itemListElement\":[{\"@type\":\"ListItem\",\"position\":1,\"name\":\"Portada\",\"item\":\"https:\/\/gracol.com.co\/\"},{\"@type\":\"ListItem\",\"position\":2,\"name\":\"Productos\",\"item\":\"https:\/\/gracol.com.co\/tienda\/\"},{\"@type\":\"ListItem\",\"position\":3,\"name\":\"Lomitos de at\u00fan en agua\"}]},{\"@type\":\"WebSite\",\"@id\":\"https:\/\/gracol.com.co\/#website\",\"url\":\"https:\/\/gracol.com.co\/\",\"name\":\"Gracol\",\"description\":\"\",\"publisher\":{\"@id\":\"https:\/\/gracol.com.co\/#organization\"},\"potentialAction\":[{\"@type\":\"SearchAction\",\"target\":{\"@type\":\"EntryPoint\",\"urlTemplate\":\"https:\/\/gracol.com.co\/?s={search_term_string}\"},\"query-input\":{\"@type\":\"PropertyValueSpecification\",\"valueRequired\":true,\"valueName\":\"search_term_string\"}}],\"inLanguage\":\"en-US\"},{\"@type\":\"Organization\",\"@id\":\"https:\/\/gracol.com.co\/#organization\",\"name\":\"Gracol\",\"url\":\"https:\/\/gracol.com.co\/\",\"logo\":{\"@type\":\"ImageObject\",\"inLanguage\":\"en-US\",\"@id\":\"https:\/\/gracol.com.co\/#\/schema\/logo\/image\/\",\"url\":\"https:\/\/gracol.com.co\/wp-content\/uploads\/2024\/01\/Logo-Gracol.png\",\"contentUrl\":\"https:\/\/gracol.com.co\/wp-content\/uploads\/2024\/01\/Logo-Gracol.png\",\"width\":511,\"height\":233,\"caption\":\"Gracol\"},\"image\":{\"@id\":\"https:\/\/gracol.com.co\/#\/schema\/logo\/image\/\"}}]}<\/script>\n<!-- \/ Yoast SEO plugin. -->","yoast_head_json":{"title":"Lomitos de at\u00fan en agua - Gracol","robots":{"index":"index","follow":"follow","max-snippet":"max-snippet:-1","max-image-preview":"max-image-preview:large","max-video-preview":"max-video-preview:-1"},"canonical":"https:\/\/gracol.com.co\/en\/product\/lomitos-de-atun-en-agua-2\/","og_locale":"en_US","og_type":"article","og_title":"Lomitos de at\u00fan en agua - Gracol","og_description":"El lomito de at\u00fan AMAR es uno excelente opci\u00f3n para realizar platillos sencillos y con mucho sabor. Puedes prepararlo fr\u00edo o asarlo poro resaltar su delicioso sabor. Crea los recetas m\u00e1s deliciosas al mezclarla con ensaladas o tu cacerola favorita.","og_url":"https:\/\/gracol.com.co\/en\/product\/lomitos-de-atun-en-agua-2\/","og_site_name":"Gracol","article_modified_time":"2024-02-20T19:48:38+00:00","og_image":[{"width":1080,"height":1080,"url":"https:\/\/gracol.com.co\/wp-content\/uploads\/2024\/02\/peskar-7.png","type":"image\/png"}],"twitter_card":"summary_large_image","schema":{"@context":"https:\/\/schema.org","@graph":[{"@type":"WebPage","@id":"https:\/\/gracol.com.co\/producto\/lomitos-de-atun-en-agua-2\/","url":"https:\/\/gracol.com.co\/producto\/lomitos-de-atun-en-agua-2\/","name":"Lomitos de at\u00fan en agua - Gracol","isPartOf":{"@id":"https:\/\/gracol.com.co\/#website"},"primaryImageOfPage":{"@id":"https:\/\/gracol.com.co\/producto\/lomitos-de-atun-en-agua-2\/#primaryimage"},"image":{"@id":"https:\/\/gracol.com.co\/producto\/lomitos-de-atun-en-agua-2\/#primaryimage"},"thumbnailUrl":"https:\/\/gracol.com.co\/wp-content\/uploads\/2024\/02\/peskar-7.png","datePublished":"2024-02-20T14:44:54+00:00","dateModified":"2024-02-20T19:48:38+00:00","breadcrumb":{"@id":"https:\/\/gracol.com.co\/producto\/lomitos-de-atun-en-agua-2\/#breadcrumb"},"inLanguage":"en-US","potentialAction":[{"@type":"ReadAction","target":["https:\/\/gracol.com.co\/producto\/lomitos-de-atun-en-agua-2\/"]}]},{"@type":"ImageObject","inLanguage":"en-US","@id":"https:\/\/gracol.com.co\/producto\/lomitos-de-atun-en-agua-2\/#primaryimage","url":"https:\/\/gracol.com.co\/wp-content\/uploads\/2024\/02\/peskar-7.png","contentUrl":"https:\/\/gracol.com.co\/wp-content\/uploads\/2024\/02\/peskar-7.png","width":1080,"height":1080},{"@type":"BreadcrumbList","@id":"https:\/\/gracol.com.co\/producto\/lomitos-de-atun-en-agua-2\/#breadcrumb","itemListElement":[{"@type":"ListItem","position":1,"name":"Portada","item":"https:\/\/gracol.com.co\/"},{"@type":"ListItem","position":2,"name":"Productos","item":"https:\/\/gracol.com.co\/tienda\/"},{"@type":"ListItem","position":3,"name":"Lomitos de at\u00fan en agua"}]},{"@type":"WebSite","@id":"https:\/\/gracol.com.co\/#website","url":"https:\/\/gracol.com.co\/","name":"Gracol","description":"","publisher":{"@id":"https:\/\/gracol.com.co\/#organization"},"potentialAction":[{"@type":"SearchAction","target":{"@type":"EntryPoint","urlTemplate":"https:\/\/gracol.com.co\/?s={search_term_string}"},"query-input":{"@type":"PropertyValueSpecification","valueRequired":true,"valueName":"search_term_string"}}],"inLanguage":"en-US"},{"@type":"Organization","@id":"https:\/\/gracol.com.co\/#organization","name":"Gracol","url":"https:\/\/gracol.com.co\/","logo":{"@type":"ImageObject","inLanguage":"en-US","@id":"https:\/\/gracol.com.co\/#\/schema\/logo\/image\/","url":"https:\/\/gracol.com.co\/wp-content\/uploads\/2024\/01\/Logo-Gracol.png","contentUrl":"https:\/\/gracol.com.co\/wp-content\/uploads\/2024\/01\/Logo-Gracol.png","width":511,"height":233,"caption":"Gracol"},"image":{"@id":"https:\/\/gracol.com.co\/#\/schema\/logo\/image\/"}}]}},"_links":{"self":[{"href":"https:\/\/gracol.com.co\/en\/wp-json\/wp\/v2\/product\/1100","targetHints":{"allow":["GET"]}}],"collection":[{"href":"https:\/\/gracol.com.co\/en\/wp-json\/wp\/v2\/product"}],"about":[{"href":"https:\/\/gracol.com.co\/en\/wp-json\/wp\/v2\/types\/product"}],"replies":[{"embeddable":true,"href":"https:\/\/gracol.com.co\/en\/wp-json\/wp\/v2\/comments?post=1100"}],"wp:featuredmedia":[{"embeddable":true,"href":"https:\/\/gracol.com.co\/en\/wp-json\/wp\/v2\/media\/1160"}],"wp:attachment":[{"href":"https:\/\/gracol.com.co\/en\/wp-json\/wp\/v2\/media?parent=1100"}],"wp:term":[{"taxonomy":"product_cat","embeddable":true,"href":"https:\/\/gracol.com.co\/en\/wp-json\/wp\/v2\/product_cat?post=1100"},{"taxonomy":"product_tag","embeddable":true,"href":"https:\/\/gracol.com.co\/en\/wp-json\/wp\/v2\/product_tag?post=1100"}],"curies":[{"name":"wp","href":"https:\/\/api.w.org\/{rel}","templated":true}]}}