{"id":1096,"date":"2024-02-20T14:44:54","date_gmt":"2024-02-20T14:44:54","guid":{"rendered":"https:\/\/gracol.com.co\/producto\/atun-rallado-en-agua\/"},"modified":"2024-02-20T19:48:34","modified_gmt":"2024-02-20T19:48:34","slug":"atun-rallado-en-agua","status":"publish","type":"product","link":"https:\/\/gracol.com.co\/en\/product\/atun-rallado-en-agua\/","title":{"rendered":"Grated Tuna (Water)"},"content":{"rendered":"<p>Shredded tuna in water PESKAR in processed water<br \/>\nwith a special pore formula that you can appreciate<br \/>\nall the flavor of delicious tuna on any occasion.<br \/>\nIdeal for preparing light and delicious dishes.<\/p>","protected":false},"excerpt":{"rendered":"<p>PESKAR grated tuna in water prepared with a special formula so that you can appreciate all the flavor of delicious tuna on any occasion. Ideal for preparing light and delicious dishes.<\/p>","protected":false},"featured_media":1154,"comment_status":"closed","ping_status":"closed","template":"","meta":{"_joinchat":[]},"product_cat":[20,32],"product_tag":[],"class_list":{"0":"post-1096","1":"product","2":"type-product","3":"status-publish","4":"has-post-thumbnail","6":"product_cat-todoslosproductos","7":"product_cat-enlatados-2","9":"first","10":"instock","11":"shipping-taxable","12":"product-type-simple"},"yoast_head":"<!-- This site is optimized with the Yoast SEO plugin v23.5 - https:\/\/yoast.com\/wordpress\/plugins\/seo\/ -->\n<title>At\u00fan rallado en agua - Gracol<\/title>\n<meta name=\"robots\" content=\"index, follow, max-snippet:-1, max-image-preview:large, max-video-preview:-1\" \/>\n<link rel=\"canonical\" href=\"https:\/\/gracol.com.co\/en\/product\/atun-rallado-en-agua\/\" \/>\n<meta property=\"og:locale\" content=\"en_US\" \/>\n<meta property=\"og:type\" content=\"article\" \/>\n<meta property=\"og:title\" content=\"At\u00fan rallado en agua - Gracol\" \/>\n<meta property=\"og:description\" content=\"At\u00fan rallado en agua PESKAR en agua elaborado con uno f\u00f3rmula especial poro que puedas apreciar todo el sabor del delicioso at\u00fan en cualquier ocasi\u00f3n. Ideal para preparar platos ligeros y deliciosos.\" \/>\n<meta property=\"og:url\" content=\"https:\/\/gracol.com.co\/en\/product\/atun-rallado-en-agua\/\" \/>\n<meta property=\"og:site_name\" content=\"Gracol\" \/>\n<meta property=\"article:modified_time\" content=\"2024-02-20T19:48:34+00:00\" \/>\n<meta property=\"og:image\" content=\"https:\/\/gracol.com.co\/wp-content\/uploads\/2024\/02\/peskar-1.png\" \/>\n\t<meta property=\"og:image:width\" content=\"1080\" \/>\n\t<meta property=\"og:image:height\" content=\"1080\" \/>\n\t<meta property=\"og:image:type\" content=\"image\/png\" \/>\n<meta name=\"twitter:card\" content=\"summary_large_image\" \/>\n<script type=\"application\/ld+json\" class=\"yoast-schema-graph\">{\"@context\":\"https:\/\/schema.org\",\"@graph\":[{\"@type\":\"WebPage\",\"@id\":\"https:\/\/gracol.com.co\/producto\/atun-rallado-en-agua\/\",\"url\":\"https:\/\/gracol.com.co\/producto\/atun-rallado-en-agua\/\",\"name\":\"At\u00fan rallado en agua - Gracol\",\"isPartOf\":{\"@id\":\"https:\/\/gracol.com.co\/#website\"},\"primaryImageOfPage\":{\"@id\":\"https:\/\/gracol.com.co\/producto\/atun-rallado-en-agua\/#primaryimage\"},\"image\":{\"@id\":\"https:\/\/gracol.com.co\/producto\/atun-rallado-en-agua\/#primaryimage\"},\"thumbnailUrl\":\"https:\/\/gracol.com.co\/wp-content\/uploads\/2024\/02\/peskar-1.png\",\"datePublished\":\"2024-02-20T14:44:54+00:00\",\"dateModified\":\"2024-02-20T19:48:34+00:00\",\"breadcrumb\":{\"@id\":\"https:\/\/gracol.com.co\/producto\/atun-rallado-en-agua\/#breadcrumb\"},\"inLanguage\":\"en-US\",\"potentialAction\":[{\"@type\":\"ReadAction\",\"target\":[\"https:\/\/gracol.com.co\/producto\/atun-rallado-en-agua\/\"]}]},{\"@type\":\"ImageObject\",\"inLanguage\":\"en-US\",\"@id\":\"https:\/\/gracol.com.co\/producto\/atun-rallado-en-agua\/#primaryimage\",\"url\":\"https:\/\/gracol.com.co\/wp-content\/uploads\/2024\/02\/peskar-1.png\",\"contentUrl\":\"https:\/\/gracol.com.co\/wp-content\/uploads\/2024\/02\/peskar-1.png\",\"width\":1080,\"height\":1080},{\"@type\":\"BreadcrumbList\",\"@id\":\"https:\/\/gracol.com.co\/producto\/atun-rallado-en-agua\/#breadcrumb\",\"itemListElement\":[{\"@type\":\"ListItem\",\"position\":1,\"name\":\"Portada\",\"item\":\"https:\/\/gracol.com.co\/\"},{\"@type\":\"ListItem\",\"position\":2,\"name\":\"Productos\",\"item\":\"https:\/\/gracol.com.co\/tienda\/\"},{\"@type\":\"ListItem\",\"position\":3,\"name\":\"At\u00fan rallado en agua\"}]},{\"@type\":\"WebSite\",\"@id\":\"https:\/\/gracol.com.co\/#website\",\"url\":\"https:\/\/gracol.com.co\/\",\"name\":\"Gracol\",\"description\":\"\",\"publisher\":{\"@id\":\"https:\/\/gracol.com.co\/#organization\"},\"potentialAction\":[{\"@type\":\"SearchAction\",\"target\":{\"@type\":\"EntryPoint\",\"urlTemplate\":\"https:\/\/gracol.com.co\/?s={search_term_string}\"},\"query-input\":{\"@type\":\"PropertyValueSpecification\",\"valueRequired\":true,\"valueName\":\"search_term_string\"}}],\"inLanguage\":\"en-US\"},{\"@type\":\"Organization\",\"@id\":\"https:\/\/gracol.com.co\/#organization\",\"name\":\"Gracol\",\"url\":\"https:\/\/gracol.com.co\/\",\"logo\":{\"@type\":\"ImageObject\",\"inLanguage\":\"en-US\",\"@id\":\"https:\/\/gracol.com.co\/#\/schema\/logo\/image\/\",\"url\":\"https:\/\/gracol.com.co\/wp-content\/uploads\/2024\/01\/Logo-Gracol.png\",\"contentUrl\":\"https:\/\/gracol.com.co\/wp-content\/uploads\/2024\/01\/Logo-Gracol.png\",\"width\":511,\"height\":233,\"caption\":\"Gracol\"},\"image\":{\"@id\":\"https:\/\/gracol.com.co\/#\/schema\/logo\/image\/\"}}]}<\/script>\n<!-- \/ Yoast SEO plugin. -->","yoast_head_json":{"title":"At\u00fan rallado en agua - Gracol","robots":{"index":"index","follow":"follow","max-snippet":"max-snippet:-1","max-image-preview":"max-image-preview:large","max-video-preview":"max-video-preview:-1"},"canonical":"https:\/\/gracol.com.co\/en\/product\/atun-rallado-en-agua\/","og_locale":"en_US","og_type":"article","og_title":"At\u00fan rallado en agua - Gracol","og_description":"At\u00fan rallado en agua PESKAR en agua elaborado con uno f\u00f3rmula especial poro que puedas apreciar todo el sabor del delicioso at\u00fan en cualquier ocasi\u00f3n. Ideal para preparar platos ligeros y deliciosos.","og_url":"https:\/\/gracol.com.co\/en\/product\/atun-rallado-en-agua\/","og_site_name":"Gracol","article_modified_time":"2024-02-20T19:48:34+00:00","og_image":[{"width":1080,"height":1080,"url":"https:\/\/gracol.com.co\/wp-content\/uploads\/2024\/02\/peskar-1.png","type":"image\/png"}],"twitter_card":"summary_large_image","schema":{"@context":"https:\/\/schema.org","@graph":[{"@type":"WebPage","@id":"https:\/\/gracol.com.co\/producto\/atun-rallado-en-agua\/","url":"https:\/\/gracol.com.co\/producto\/atun-rallado-en-agua\/","name":"At\u00fan rallado en agua - Gracol","isPartOf":{"@id":"https:\/\/gracol.com.co\/#website"},"primaryImageOfPage":{"@id":"https:\/\/gracol.com.co\/producto\/atun-rallado-en-agua\/#primaryimage"},"image":{"@id":"https:\/\/gracol.com.co\/producto\/atun-rallado-en-agua\/#primaryimage"},"thumbnailUrl":"https:\/\/gracol.com.co\/wp-content\/uploads\/2024\/02\/peskar-1.png","datePublished":"2024-02-20T14:44:54+00:00","dateModified":"2024-02-20T19:48:34+00:00","breadcrumb":{"@id":"https:\/\/gracol.com.co\/producto\/atun-rallado-en-agua\/#breadcrumb"},"inLanguage":"en-US","potentialAction":[{"@type":"ReadAction","target":["https:\/\/gracol.com.co\/producto\/atun-rallado-en-agua\/"]}]},{"@type":"ImageObject","inLanguage":"en-US","@id":"https:\/\/gracol.com.co\/producto\/atun-rallado-en-agua\/#primaryimage","url":"https:\/\/gracol.com.co\/wp-content\/uploads\/2024\/02\/peskar-1.png","contentUrl":"https:\/\/gracol.com.co\/wp-content\/uploads\/2024\/02\/peskar-1.png","width":1080,"height":1080},{"@type":"BreadcrumbList","@id":"https:\/\/gracol.com.co\/producto\/atun-rallado-en-agua\/#breadcrumb","itemListElement":[{"@type":"ListItem","position":1,"name":"Portada","item":"https:\/\/gracol.com.co\/"},{"@type":"ListItem","position":2,"name":"Productos","item":"https:\/\/gracol.com.co\/tienda\/"},{"@type":"ListItem","position":3,"name":"At\u00fan rallado en agua"}]},{"@type":"WebSite","@id":"https:\/\/gracol.com.co\/#website","url":"https:\/\/gracol.com.co\/","name":"Gracol","description":"","publisher":{"@id":"https:\/\/gracol.com.co\/#organization"},"potentialAction":[{"@type":"SearchAction","target":{"@type":"EntryPoint","urlTemplate":"https:\/\/gracol.com.co\/?s={search_term_string}"},"query-input":{"@type":"PropertyValueSpecification","valueRequired":true,"valueName":"search_term_string"}}],"inLanguage":"en-US"},{"@type":"Organization","@id":"https:\/\/gracol.com.co\/#organization","name":"Gracol","url":"https:\/\/gracol.com.co\/","logo":{"@type":"ImageObject","inLanguage":"en-US","@id":"https:\/\/gracol.com.co\/#\/schema\/logo\/image\/","url":"https:\/\/gracol.com.co\/wp-content\/uploads\/2024\/01\/Logo-Gracol.png","contentUrl":"https:\/\/gracol.com.co\/wp-content\/uploads\/2024\/01\/Logo-Gracol.png","width":511,"height":233,"caption":"Gracol"},"image":{"@id":"https:\/\/gracol.com.co\/#\/schema\/logo\/image\/"}}]}},"_links":{"self":[{"href":"https:\/\/gracol.com.co\/en\/wp-json\/wp\/v2\/product\/1096","targetHints":{"allow":["GET"]}}],"collection":[{"href":"https:\/\/gracol.com.co\/en\/wp-json\/wp\/v2\/product"}],"about":[{"href":"https:\/\/gracol.com.co\/en\/wp-json\/wp\/v2\/types\/product"}],"replies":[{"embeddable":true,"href":"https:\/\/gracol.com.co\/en\/wp-json\/wp\/v2\/comments?post=1096"}],"wp:featuredmedia":[{"embeddable":true,"href":"https:\/\/gracol.com.co\/en\/wp-json\/wp\/v2\/media\/1154"}],"wp:attachment":[{"href":"https:\/\/gracol.com.co\/en\/wp-json\/wp\/v2\/media?parent=1096"}],"wp:term":[{"taxonomy":"product_cat","embeddable":true,"href":"https:\/\/gracol.com.co\/en\/wp-json\/wp\/v2\/product_cat?post=1096"},{"taxonomy":"product_tag","embeddable":true,"href":"https:\/\/gracol.com.co\/en\/wp-json\/wp\/v2\/product_tag?post=1096"}],"curies":[{"name":"wp","href":"https:\/\/api.w.org\/{rel}","templated":true}]}}