{"id":1090,"date":"2024-02-20T14:44:54","date_gmt":"2024-02-20T14:44:54","guid":{"rendered":"https:\/\/gracol.com.co\/producto\/aceite-de-soya\/"},"modified":"2024-02-20T19:48:37","modified_gmt":"2024-02-20T19:48:37","slug":"aceite-de-soya","status":"publish","type":"product","link":"https:\/\/gracol.com.co\/en\/product\/aceite-de-soya\/","title":{"rendered":"Soy Oil Brand D'li"},"content":{"rendered":"<p>One of the oils with the most important properties<br \/>\nis soybean. It has a very intense yellow color.<br \/>\nIdeal pore oil for frying or saut\u00e9ing your food and pores<br \/>\nthe preparation of dressings<\/p>","protected":false},"excerpt":{"rendered":"<p>One of the oils with the greatest properties is soybean oil. It has a very intense yellow color. Ideal oil for frying or saut\u00e9ing your food and for the preparation of dressings.<\/p>","protected":false},"featured_media":1144,"comment_status":"closed","ping_status":"closed","template":"","meta":{"_joinchat":[]},"product_cat":[20,31],"product_tag":[],"class_list":{"0":"post-1090","1":"product","2":"type-product","3":"status-publish","4":"has-post-thumbnail","6":"product_cat-todoslosproductos","7":"product_cat-aceite-2","9":"first","10":"instock","11":"shipping-taxable","12":"product-type-simple"},"yoast_head":"<!-- This site is optimized with the Yoast SEO plugin v23.5 - https:\/\/yoast.com\/wordpress\/plugins\/seo\/ -->\n<title>Aceite de soya - Gracol<\/title>\n<meta name=\"robots\" content=\"index, follow, max-snippet:-1, max-image-preview:large, max-video-preview:-1\" \/>\n<link rel=\"canonical\" href=\"https:\/\/gracol.com.co\/en\/product\/aceite-de-soya\/\" \/>\n<meta property=\"og:locale\" content=\"en_US\" \/>\n<meta property=\"og:type\" content=\"article\" \/>\n<meta property=\"og:title\" content=\"Aceite de soya - Gracol\" \/>\n<meta property=\"og:description\" content=\"Uno de los aceites que tienen mayores propiedades es el de soya. Tiene un color amarillo muy intenso. Aceite Ideal poro fre\u00edr o sofre\u00edr sus alimentos y poro la preparaci\u00f3n de aderezos\" \/>\n<meta property=\"og:url\" content=\"https:\/\/gracol.com.co\/en\/product\/aceite-de-soya\/\" \/>\n<meta property=\"og:site_name\" content=\"Gracol\" \/>\n<meta property=\"article:modified_time\" content=\"2024-02-20T19:48:37+00:00\" \/>\n<meta property=\"og:image\" content=\"https:\/\/gracol.com.co\/wp-content\/uploads\/2024\/02\/aceite-1.png\" \/>\n\t<meta property=\"og:image:width\" content=\"1080\" \/>\n\t<meta property=\"og:image:height\" content=\"1080\" \/>\n\t<meta property=\"og:image:type\" content=\"image\/png\" \/>\n<meta name=\"twitter:card\" content=\"summary_large_image\" \/>\n<script type=\"application\/ld+json\" class=\"yoast-schema-graph\">{\"@context\":\"https:\/\/schema.org\",\"@graph\":[{\"@type\":\"WebPage\",\"@id\":\"https:\/\/gracol.com.co\/producto\/aceite-de-soya\/\",\"url\":\"https:\/\/gracol.com.co\/producto\/aceite-de-soya\/\",\"name\":\"Aceite de soya - Gracol\",\"isPartOf\":{\"@id\":\"https:\/\/gracol.com.co\/#website\"},\"primaryImageOfPage\":{\"@id\":\"https:\/\/gracol.com.co\/producto\/aceite-de-soya\/#primaryimage\"},\"image\":{\"@id\":\"https:\/\/gracol.com.co\/producto\/aceite-de-soya\/#primaryimage\"},\"thumbnailUrl\":\"https:\/\/gracol.com.co\/wp-content\/uploads\/2024\/02\/aceite-1.png\",\"datePublished\":\"2024-02-20T14:44:54+00:00\",\"dateModified\":\"2024-02-20T19:48:37+00:00\",\"breadcrumb\":{\"@id\":\"https:\/\/gracol.com.co\/producto\/aceite-de-soya\/#breadcrumb\"},\"inLanguage\":\"en-US\",\"potentialAction\":[{\"@type\":\"ReadAction\",\"target\":[\"https:\/\/gracol.com.co\/producto\/aceite-de-soya\/\"]}]},{\"@type\":\"ImageObject\",\"inLanguage\":\"en-US\",\"@id\":\"https:\/\/gracol.com.co\/producto\/aceite-de-soya\/#primaryimage\",\"url\":\"https:\/\/gracol.com.co\/wp-content\/uploads\/2024\/02\/aceite-1.png\",\"contentUrl\":\"https:\/\/gracol.com.co\/wp-content\/uploads\/2024\/02\/aceite-1.png\",\"width\":1080,\"height\":1080},{\"@type\":\"BreadcrumbList\",\"@id\":\"https:\/\/gracol.com.co\/producto\/aceite-de-soya\/#breadcrumb\",\"itemListElement\":[{\"@type\":\"ListItem\",\"position\":1,\"name\":\"Portada\",\"item\":\"https:\/\/gracol.com.co\/\"},{\"@type\":\"ListItem\",\"position\":2,\"name\":\"Productos\",\"item\":\"https:\/\/gracol.com.co\/tienda\/\"},{\"@type\":\"ListItem\",\"position\":3,\"name\":\"Aceite de soya\"}]},{\"@type\":\"WebSite\",\"@id\":\"https:\/\/gracol.com.co\/#website\",\"url\":\"https:\/\/gracol.com.co\/\",\"name\":\"Gracol\",\"description\":\"\",\"publisher\":{\"@id\":\"https:\/\/gracol.com.co\/#organization\"},\"potentialAction\":[{\"@type\":\"SearchAction\",\"target\":{\"@type\":\"EntryPoint\",\"urlTemplate\":\"https:\/\/gracol.com.co\/?s={search_term_string}\"},\"query-input\":{\"@type\":\"PropertyValueSpecification\",\"valueRequired\":true,\"valueName\":\"search_term_string\"}}],\"inLanguage\":\"en-US\"},{\"@type\":\"Organization\",\"@id\":\"https:\/\/gracol.com.co\/#organization\",\"name\":\"Gracol\",\"url\":\"https:\/\/gracol.com.co\/\",\"logo\":{\"@type\":\"ImageObject\",\"inLanguage\":\"en-US\",\"@id\":\"https:\/\/gracol.com.co\/#\/schema\/logo\/image\/\",\"url\":\"https:\/\/gracol.com.co\/wp-content\/uploads\/2024\/01\/Logo-Gracol.png\",\"contentUrl\":\"https:\/\/gracol.com.co\/wp-content\/uploads\/2024\/01\/Logo-Gracol.png\",\"width\":511,\"height\":233,\"caption\":\"Gracol\"},\"image\":{\"@id\":\"https:\/\/gracol.com.co\/#\/schema\/logo\/image\/\"}}]}<\/script>\n<!-- \/ Yoast SEO plugin. -->","yoast_head_json":{"title":"Aceite de soya - Gracol","robots":{"index":"index","follow":"follow","max-snippet":"max-snippet:-1","max-image-preview":"max-image-preview:large","max-video-preview":"max-video-preview:-1"},"canonical":"https:\/\/gracol.com.co\/en\/product\/aceite-de-soya\/","og_locale":"en_US","og_type":"article","og_title":"Aceite de soya - Gracol","og_description":"Uno de los aceites que tienen mayores propiedades es el de soya. Tiene un color amarillo muy intenso. Aceite Ideal poro fre\u00edr o sofre\u00edr sus alimentos y poro la preparaci\u00f3n de aderezos","og_url":"https:\/\/gracol.com.co\/en\/product\/aceite-de-soya\/","og_site_name":"Gracol","article_modified_time":"2024-02-20T19:48:37+00:00","og_image":[{"width":1080,"height":1080,"url":"https:\/\/gracol.com.co\/wp-content\/uploads\/2024\/02\/aceite-1.png","type":"image\/png"}],"twitter_card":"summary_large_image","schema":{"@context":"https:\/\/schema.org","@graph":[{"@type":"WebPage","@id":"https:\/\/gracol.com.co\/producto\/aceite-de-soya\/","url":"https:\/\/gracol.com.co\/producto\/aceite-de-soya\/","name":"Aceite de soya - Gracol","isPartOf":{"@id":"https:\/\/gracol.com.co\/#website"},"primaryImageOfPage":{"@id":"https:\/\/gracol.com.co\/producto\/aceite-de-soya\/#primaryimage"},"image":{"@id":"https:\/\/gracol.com.co\/producto\/aceite-de-soya\/#primaryimage"},"thumbnailUrl":"https:\/\/gracol.com.co\/wp-content\/uploads\/2024\/02\/aceite-1.png","datePublished":"2024-02-20T14:44:54+00:00","dateModified":"2024-02-20T19:48:37+00:00","breadcrumb":{"@id":"https:\/\/gracol.com.co\/producto\/aceite-de-soya\/#breadcrumb"},"inLanguage":"en-US","potentialAction":[{"@type":"ReadAction","target":["https:\/\/gracol.com.co\/producto\/aceite-de-soya\/"]}]},{"@type":"ImageObject","inLanguage":"en-US","@id":"https:\/\/gracol.com.co\/producto\/aceite-de-soya\/#primaryimage","url":"https:\/\/gracol.com.co\/wp-content\/uploads\/2024\/02\/aceite-1.png","contentUrl":"https:\/\/gracol.com.co\/wp-content\/uploads\/2024\/02\/aceite-1.png","width":1080,"height":1080},{"@type":"BreadcrumbList","@id":"https:\/\/gracol.com.co\/producto\/aceite-de-soya\/#breadcrumb","itemListElement":[{"@type":"ListItem","position":1,"name":"Portada","item":"https:\/\/gracol.com.co\/"},{"@type":"ListItem","position":2,"name":"Productos","item":"https:\/\/gracol.com.co\/tienda\/"},{"@type":"ListItem","position":3,"name":"Aceite de soya"}]},{"@type":"WebSite","@id":"https:\/\/gracol.com.co\/#website","url":"https:\/\/gracol.com.co\/","name":"Gracol","description":"","publisher":{"@id":"https:\/\/gracol.com.co\/#organization"},"potentialAction":[{"@type":"SearchAction","target":{"@type":"EntryPoint","urlTemplate":"https:\/\/gracol.com.co\/?s={search_term_string}"},"query-input":{"@type":"PropertyValueSpecification","valueRequired":true,"valueName":"search_term_string"}}],"inLanguage":"en-US"},{"@type":"Organization","@id":"https:\/\/gracol.com.co\/#organization","name":"Gracol","url":"https:\/\/gracol.com.co\/","logo":{"@type":"ImageObject","inLanguage":"en-US","@id":"https:\/\/gracol.com.co\/#\/schema\/logo\/image\/","url":"https:\/\/gracol.com.co\/wp-content\/uploads\/2024\/01\/Logo-Gracol.png","contentUrl":"https:\/\/gracol.com.co\/wp-content\/uploads\/2024\/01\/Logo-Gracol.png","width":511,"height":233,"caption":"Gracol"},"image":{"@id":"https:\/\/gracol.com.co\/#\/schema\/logo\/image\/"}}]}},"_links":{"self":[{"href":"https:\/\/gracol.com.co\/en\/wp-json\/wp\/v2\/product\/1090","targetHints":{"allow":["GET"]}}],"collection":[{"href":"https:\/\/gracol.com.co\/en\/wp-json\/wp\/v2\/product"}],"about":[{"href":"https:\/\/gracol.com.co\/en\/wp-json\/wp\/v2\/types\/product"}],"replies":[{"embeddable":true,"href":"https:\/\/gracol.com.co\/en\/wp-json\/wp\/v2\/comments?post=1090"}],"wp:featuredmedia":[{"embeddable":true,"href":"https:\/\/gracol.com.co\/en\/wp-json\/wp\/v2\/media\/1144"}],"wp:attachment":[{"href":"https:\/\/gracol.com.co\/en\/wp-json\/wp\/v2\/media?parent=1090"}],"wp:term":[{"taxonomy":"product_cat","embeddable":true,"href":"https:\/\/gracol.com.co\/en\/wp-json\/wp\/v2\/product_cat?post=1090"},{"taxonomy":"product_tag","embeddable":true,"href":"https:\/\/gracol.com.co\/en\/wp-json\/wp\/v2\/product_tag?post=1090"}],"curies":[{"name":"wp","href":"https:\/\/api.w.org\/{rel}","templated":true}]}}