{"id":1085,"date":"2024-02-20T14:44:53","date_gmt":"2024-02-20T14:44:53","guid":{"rendered":"https:\/\/gracol.com.co\/producto\/leche-en-polvo-entera-900g\/"},"modified":"2024-02-28T15:53:23","modified_gmt":"2024-02-28T15:53:23","slug":"leche-en-polvo-entera-900g","status":"publish","type":"product","link":"https:\/\/gracol.com.co\/en\/product\/leche-en-polvo-entera-900g\/","title":{"rendered":"Whole Milk Powder x 900g"},"content":{"rendered":"<p>MILK MILK whole milk rich source of calcium.<br \/>\nHelps with the formation and maintenance of teeth, the development of vision and the fixation of calcium in the bones. Source of easily absorbed protein for optimal muscle and tissue maintenance.<\/p>","protected":false},"excerpt":{"rendered":"<p>MILK MILK whole milk rich source of calcium. Helps with the formation and maintenance of teeth, the development of vision and the fixation of calcium in the bones. Easily absorbed protein source for optimal muscle and tissue maintenance.<\/p>","protected":false},"featured_media":1153,"comment_status":"closed","ping_status":"closed","template":"","meta":{"_joinchat":[]},"product_cat":[20,30],"product_tag":[],"class_list":{"0":"post-1085","1":"product","2":"type-product","3":"status-publish","4":"has-post-thumbnail","6":"product_cat-todoslosproductos","7":"product_cat-otros-2","9":"first","10":"instock","11":"shipping-taxable","12":"product-type-simple"},"yoast_head":"<!-- This site is optimized with the Yoast SEO plugin v23.5 - https:\/\/yoast.com\/wordpress\/plugins\/seo\/ -->\n<title>Leche en polvo entera 900g - Gracol<\/title>\n<meta name=\"robots\" content=\"index, follow, max-snippet:-1, max-image-preview:large, max-video-preview:-1\" \/>\n<link rel=\"canonical\" href=\"https:\/\/gracol.com.co\/en\/product\/leche-en-polvo-entera-900g\/\" \/>\n<meta property=\"og:locale\" content=\"en_US\" \/>\n<meta property=\"og:type\" content=\"article\" \/>\n<meta property=\"og:title\" content=\"Leche en polvo entera 900g - Gracol\" \/>\n<meta property=\"og:description\" content=\"Leche MILK entera rica fuente de calcio. Ayuda con la formaci\u00f3n y mantenimiento de los dientes, al desarrollo de la visi\u00f3n y a la fijaci\u00f3n del Calcio en los huesos. Fuente de prote\u00edna de f\u00e1cil absorci\u00f3n para el mantenimiento \u00f3ptimo de m\u00fasculos y tejidos.\" \/>\n<meta property=\"og:url\" content=\"https:\/\/gracol.com.co\/en\/product\/leche-en-polvo-entera-900g\/\" \/>\n<meta property=\"og:site_name\" content=\"Gracol\" \/>\n<meta property=\"article:modified_time\" content=\"2024-02-28T15:53:23+00:00\" \/>\n<meta property=\"og:image\" content=\"https:\/\/gracol.com.co\/wp-content\/uploads\/2024\/02\/leche-2.png\" \/>\n\t<meta property=\"og:image:width\" content=\"1080\" \/>\n\t<meta property=\"og:image:height\" content=\"1080\" \/>\n\t<meta property=\"og:image:type\" content=\"image\/png\" \/>\n<meta name=\"twitter:card\" content=\"summary_large_image\" \/>\n<meta name=\"twitter:label1\" content=\"Est. reading time\" \/>\n\t<meta name=\"twitter:data1\" content=\"1 minute\" \/>\n<script type=\"application\/ld+json\" class=\"yoast-schema-graph\">{\"@context\":\"https:\/\/schema.org\",\"@graph\":[{\"@type\":\"WebPage\",\"@id\":\"https:\/\/gracol.com.co\/producto\/leche-en-polvo-entera-900g\/\",\"url\":\"https:\/\/gracol.com.co\/producto\/leche-en-polvo-entera-900g\/\",\"name\":\"Leche en polvo entera 900g - Gracol\",\"isPartOf\":{\"@id\":\"https:\/\/gracol.com.co\/#website\"},\"primaryImageOfPage\":{\"@id\":\"https:\/\/gracol.com.co\/producto\/leche-en-polvo-entera-900g\/#primaryimage\"},\"image\":{\"@id\":\"https:\/\/gracol.com.co\/producto\/leche-en-polvo-entera-900g\/#primaryimage\"},\"thumbnailUrl\":\"https:\/\/gracol.com.co\/wp-content\/uploads\/2024\/02\/leche-2.png\",\"datePublished\":\"2024-02-20T14:44:53+00:00\",\"dateModified\":\"2024-02-28T15:53:23+00:00\",\"breadcrumb\":{\"@id\":\"https:\/\/gracol.com.co\/producto\/leche-en-polvo-entera-900g\/#breadcrumb\"},\"inLanguage\":\"en-US\",\"potentialAction\":[{\"@type\":\"ReadAction\",\"target\":[\"https:\/\/gracol.com.co\/producto\/leche-en-polvo-entera-900g\/\"]}]},{\"@type\":\"ImageObject\",\"inLanguage\":\"en-US\",\"@id\":\"https:\/\/gracol.com.co\/producto\/leche-en-polvo-entera-900g\/#primaryimage\",\"url\":\"https:\/\/gracol.com.co\/wp-content\/uploads\/2024\/02\/leche-2.png\",\"contentUrl\":\"https:\/\/gracol.com.co\/wp-content\/uploads\/2024\/02\/leche-2.png\",\"width\":1080,\"height\":1080},{\"@type\":\"BreadcrumbList\",\"@id\":\"https:\/\/gracol.com.co\/producto\/leche-en-polvo-entera-900g\/#breadcrumb\",\"itemListElement\":[{\"@type\":\"ListItem\",\"position\":1,\"name\":\"Portada\",\"item\":\"https:\/\/gracol.com.co\/\"},{\"@type\":\"ListItem\",\"position\":2,\"name\":\"Productos\",\"item\":\"https:\/\/gracol.com.co\/tienda\/\"},{\"@type\":\"ListItem\",\"position\":3,\"name\":\"Leche en polvo entera 900g\"}]},{\"@type\":\"WebSite\",\"@id\":\"https:\/\/gracol.com.co\/#website\",\"url\":\"https:\/\/gracol.com.co\/\",\"name\":\"Gracol\",\"description\":\"\",\"publisher\":{\"@id\":\"https:\/\/gracol.com.co\/#organization\"},\"potentialAction\":[{\"@type\":\"SearchAction\",\"target\":{\"@type\":\"EntryPoint\",\"urlTemplate\":\"https:\/\/gracol.com.co\/?s={search_term_string}\"},\"query-input\":{\"@type\":\"PropertyValueSpecification\",\"valueRequired\":true,\"valueName\":\"search_term_string\"}}],\"inLanguage\":\"en-US\"},{\"@type\":\"Organization\",\"@id\":\"https:\/\/gracol.com.co\/#organization\",\"name\":\"Gracol\",\"url\":\"https:\/\/gracol.com.co\/\",\"logo\":{\"@type\":\"ImageObject\",\"inLanguage\":\"en-US\",\"@id\":\"https:\/\/gracol.com.co\/#\/schema\/logo\/image\/\",\"url\":\"https:\/\/gracol.com.co\/wp-content\/uploads\/2024\/01\/Logo-Gracol.png\",\"contentUrl\":\"https:\/\/gracol.com.co\/wp-content\/uploads\/2024\/01\/Logo-Gracol.png\",\"width\":511,\"height\":233,\"caption\":\"Gracol\"},\"image\":{\"@id\":\"https:\/\/gracol.com.co\/#\/schema\/logo\/image\/\"}}]}<\/script>\n<!-- \/ Yoast SEO plugin. -->","yoast_head_json":{"title":"Leche en polvo entera 900g - Gracol","robots":{"index":"index","follow":"follow","max-snippet":"max-snippet:-1","max-image-preview":"max-image-preview:large","max-video-preview":"max-video-preview:-1"},"canonical":"https:\/\/gracol.com.co\/en\/product\/leche-en-polvo-entera-900g\/","og_locale":"en_US","og_type":"article","og_title":"Leche en polvo entera 900g - Gracol","og_description":"Leche MILK entera rica fuente de calcio. Ayuda con la formaci\u00f3n y mantenimiento de los dientes, al desarrollo de la visi\u00f3n y a la fijaci\u00f3n del Calcio en los huesos. Fuente de prote\u00edna de f\u00e1cil absorci\u00f3n para el mantenimiento \u00f3ptimo de m\u00fasculos y tejidos.","og_url":"https:\/\/gracol.com.co\/en\/product\/leche-en-polvo-entera-900g\/","og_site_name":"Gracol","article_modified_time":"2024-02-28T15:53:23+00:00","og_image":[{"width":1080,"height":1080,"url":"https:\/\/gracol.com.co\/wp-content\/uploads\/2024\/02\/leche-2.png","type":"image\/png"}],"twitter_card":"summary_large_image","twitter_misc":{"Est. reading time":"1 minute"},"schema":{"@context":"https:\/\/schema.org","@graph":[{"@type":"WebPage","@id":"https:\/\/gracol.com.co\/producto\/leche-en-polvo-entera-900g\/","url":"https:\/\/gracol.com.co\/producto\/leche-en-polvo-entera-900g\/","name":"Leche en polvo entera 900g - Gracol","isPartOf":{"@id":"https:\/\/gracol.com.co\/#website"},"primaryImageOfPage":{"@id":"https:\/\/gracol.com.co\/producto\/leche-en-polvo-entera-900g\/#primaryimage"},"image":{"@id":"https:\/\/gracol.com.co\/producto\/leche-en-polvo-entera-900g\/#primaryimage"},"thumbnailUrl":"https:\/\/gracol.com.co\/wp-content\/uploads\/2024\/02\/leche-2.png","datePublished":"2024-02-20T14:44:53+00:00","dateModified":"2024-02-28T15:53:23+00:00","breadcrumb":{"@id":"https:\/\/gracol.com.co\/producto\/leche-en-polvo-entera-900g\/#breadcrumb"},"inLanguage":"en-US","potentialAction":[{"@type":"ReadAction","target":["https:\/\/gracol.com.co\/producto\/leche-en-polvo-entera-900g\/"]}]},{"@type":"ImageObject","inLanguage":"en-US","@id":"https:\/\/gracol.com.co\/producto\/leche-en-polvo-entera-900g\/#primaryimage","url":"https:\/\/gracol.com.co\/wp-content\/uploads\/2024\/02\/leche-2.png","contentUrl":"https:\/\/gracol.com.co\/wp-content\/uploads\/2024\/02\/leche-2.png","width":1080,"height":1080},{"@type":"BreadcrumbList","@id":"https:\/\/gracol.com.co\/producto\/leche-en-polvo-entera-900g\/#breadcrumb","itemListElement":[{"@type":"ListItem","position":1,"name":"Portada","item":"https:\/\/gracol.com.co\/"},{"@type":"ListItem","position":2,"name":"Productos","item":"https:\/\/gracol.com.co\/tienda\/"},{"@type":"ListItem","position":3,"name":"Leche en polvo entera 900g"}]},{"@type":"WebSite","@id":"https:\/\/gracol.com.co\/#website","url":"https:\/\/gracol.com.co\/","name":"Gracol","description":"","publisher":{"@id":"https:\/\/gracol.com.co\/#organization"},"potentialAction":[{"@type":"SearchAction","target":{"@type":"EntryPoint","urlTemplate":"https:\/\/gracol.com.co\/?s={search_term_string}"},"query-input":{"@type":"PropertyValueSpecification","valueRequired":true,"valueName":"search_term_string"}}],"inLanguage":"en-US"},{"@type":"Organization","@id":"https:\/\/gracol.com.co\/#organization","name":"Gracol","url":"https:\/\/gracol.com.co\/","logo":{"@type":"ImageObject","inLanguage":"en-US","@id":"https:\/\/gracol.com.co\/#\/schema\/logo\/image\/","url":"https:\/\/gracol.com.co\/wp-content\/uploads\/2024\/01\/Logo-Gracol.png","contentUrl":"https:\/\/gracol.com.co\/wp-content\/uploads\/2024\/01\/Logo-Gracol.png","width":511,"height":233,"caption":"Gracol"},"image":{"@id":"https:\/\/gracol.com.co\/#\/schema\/logo\/image\/"}}]}},"_links":{"self":[{"href":"https:\/\/gracol.com.co\/en\/wp-json\/wp\/v2\/product\/1085","targetHints":{"allow":["GET"]}}],"collection":[{"href":"https:\/\/gracol.com.co\/en\/wp-json\/wp\/v2\/product"}],"about":[{"href":"https:\/\/gracol.com.co\/en\/wp-json\/wp\/v2\/types\/product"}],"replies":[{"embeddable":true,"href":"https:\/\/gracol.com.co\/en\/wp-json\/wp\/v2\/comments?post=1085"}],"wp:featuredmedia":[{"embeddable":true,"href":"https:\/\/gracol.com.co\/en\/wp-json\/wp\/v2\/media\/1153"}],"wp:attachment":[{"href":"https:\/\/gracol.com.co\/en\/wp-json\/wp\/v2\/media?parent=1085"}],"wp:term":[{"taxonomy":"product_cat","embeddable":true,"href":"https:\/\/gracol.com.co\/en\/wp-json\/wp\/v2\/product_cat?post=1085"},{"taxonomy":"product_tag","embeddable":true,"href":"https:\/\/gracol.com.co\/en\/wp-json\/wp\/v2\/product_tag?post=1085"}],"curies":[{"name":"wp","href":"https:\/\/api.w.org\/{rel}","templated":true}]}}