{"id":1080,"date":"2024-02-20T14:44:53","date_gmt":"2024-02-20T14:44:53","guid":{"rendered":"https:\/\/gracol.com.co\/producto\/maiz-pira\/"},"modified":"2024-02-20T19:51:16","modified_gmt":"2024-02-20T19:51:16","slug":"maiz-pira","status":"publish","type":"product","link":"https:\/\/gracol.com.co\/en\/product\/maiz-pira\/","title":{"rendered":"Pop Corn"},"content":{"rendered":"<p>Our ALGRAN Piro Corn, is perfect for enjoying<br \/>\nfamily of unique moments full of flavor.<\/p>","protected":false},"excerpt":{"rendered":"<p>Our ALGRAN Piro Corn is perfect for families to enjoy unique moments full of flavor.<\/p>","protected":false},"featured_media":1127,"comment_status":"closed","ping_status":"closed","template":"","meta":{"_joinchat":[]},"product_cat":[20,29],"product_tag":[],"class_list":{"0":"post-1080","1":"product","2":"type-product","3":"status-publish","4":"has-post-thumbnail","6":"product_cat-todoslosproductos","7":"product_cat-granos-y-cereales","9":"first","10":"instock","11":"shipping-taxable","12":"product-type-simple"},"yoast_head":"<!-- This site is optimized with the Yoast SEO plugin v23.5 - https:\/\/yoast.com\/wordpress\/plugins\/seo\/ -->\n<title>Ma\u00edz pira - Gracol<\/title>\n<meta name=\"robots\" content=\"index, follow, max-snippet:-1, max-image-preview:large, max-video-preview:-1\" \/>\n<link rel=\"canonical\" href=\"https:\/\/gracol.com.co\/en\/product\/maiz-pira\/\" \/>\n<meta property=\"og:locale\" content=\"en_US\" \/>\n<meta property=\"og:type\" content=\"article\" \/>\n<meta property=\"og:title\" content=\"Ma\u00edz pira - Gracol\" \/>\n<meta property=\"og:description\" content=\"Nuestro Ma\u00edz Piro ALGRAN, es perfecto poro disfrutar en familia de momentos \u00fanicos y llenos de sabor.\" \/>\n<meta property=\"og:url\" content=\"https:\/\/gracol.com.co\/en\/product\/maiz-pira\/\" \/>\n<meta property=\"og:site_name\" content=\"Gracol\" \/>\n<meta property=\"article:modified_time\" content=\"2024-02-20T19:51:16+00:00\" \/>\n<meta property=\"og:image\" content=\"https:\/\/gracol.com.co\/wp-content\/uploads\/2024\/02\/producto-gracol-maiz-pira.png\" \/>\n\t<meta property=\"og:image:width\" content=\"1140\" \/>\n\t<meta property=\"og:image:height\" content=\"1262\" \/>\n\t<meta property=\"og:image:type\" content=\"image\/png\" \/>\n<meta name=\"twitter:card\" content=\"summary_large_image\" \/>\n<script type=\"application\/ld+json\" class=\"yoast-schema-graph\">{\"@context\":\"https:\/\/schema.org\",\"@graph\":[{\"@type\":\"WebPage\",\"@id\":\"https:\/\/gracol.com.co\/producto\/maiz-pira\/\",\"url\":\"https:\/\/gracol.com.co\/producto\/maiz-pira\/\",\"name\":\"Ma\u00edz pira - Gracol\",\"isPartOf\":{\"@id\":\"https:\/\/gracol.com.co\/#website\"},\"primaryImageOfPage\":{\"@id\":\"https:\/\/gracol.com.co\/producto\/maiz-pira\/#primaryimage\"},\"image\":{\"@id\":\"https:\/\/gracol.com.co\/producto\/maiz-pira\/#primaryimage\"},\"thumbnailUrl\":\"https:\/\/gracol.com.co\/wp-content\/uploads\/2024\/02\/producto-gracol-maiz-pira.png\",\"datePublished\":\"2024-02-20T14:44:53+00:00\",\"dateModified\":\"2024-02-20T19:51:16+00:00\",\"breadcrumb\":{\"@id\":\"https:\/\/gracol.com.co\/producto\/maiz-pira\/#breadcrumb\"},\"inLanguage\":\"en-US\",\"potentialAction\":[{\"@type\":\"ReadAction\",\"target\":[\"https:\/\/gracol.com.co\/producto\/maiz-pira\/\"]}]},{\"@type\":\"ImageObject\",\"inLanguage\":\"en-US\",\"@id\":\"https:\/\/gracol.com.co\/producto\/maiz-pira\/#primaryimage\",\"url\":\"https:\/\/gracol.com.co\/wp-content\/uploads\/2024\/02\/producto-gracol-maiz-pira.png\",\"contentUrl\":\"https:\/\/gracol.com.co\/wp-content\/uploads\/2024\/02\/producto-gracol-maiz-pira.png\",\"width\":1140,\"height\":1262},{\"@type\":\"BreadcrumbList\",\"@id\":\"https:\/\/gracol.com.co\/producto\/maiz-pira\/#breadcrumb\",\"itemListElement\":[{\"@type\":\"ListItem\",\"position\":1,\"name\":\"Portada\",\"item\":\"https:\/\/gracol.com.co\/\"},{\"@type\":\"ListItem\",\"position\":2,\"name\":\"Productos\",\"item\":\"https:\/\/gracol.com.co\/tienda\/\"},{\"@type\":\"ListItem\",\"position\":3,\"name\":\"Ma\u00edz pira\"}]},{\"@type\":\"WebSite\",\"@id\":\"https:\/\/gracol.com.co\/#website\",\"url\":\"https:\/\/gracol.com.co\/\",\"name\":\"Gracol\",\"description\":\"\",\"publisher\":{\"@id\":\"https:\/\/gracol.com.co\/#organization\"},\"potentialAction\":[{\"@type\":\"SearchAction\",\"target\":{\"@type\":\"EntryPoint\",\"urlTemplate\":\"https:\/\/gracol.com.co\/?s={search_term_string}\"},\"query-input\":{\"@type\":\"PropertyValueSpecification\",\"valueRequired\":true,\"valueName\":\"search_term_string\"}}],\"inLanguage\":\"en-US\"},{\"@type\":\"Organization\",\"@id\":\"https:\/\/gracol.com.co\/#organization\",\"name\":\"Gracol\",\"url\":\"https:\/\/gracol.com.co\/\",\"logo\":{\"@type\":\"ImageObject\",\"inLanguage\":\"en-US\",\"@id\":\"https:\/\/gracol.com.co\/#\/schema\/logo\/image\/\",\"url\":\"https:\/\/gracol.com.co\/wp-content\/uploads\/2024\/01\/Logo-Gracol.png\",\"contentUrl\":\"https:\/\/gracol.com.co\/wp-content\/uploads\/2024\/01\/Logo-Gracol.png\",\"width\":511,\"height\":233,\"caption\":\"Gracol\"},\"image\":{\"@id\":\"https:\/\/gracol.com.co\/#\/schema\/logo\/image\/\"}}]}<\/script>\n<!-- \/ Yoast SEO plugin. -->","yoast_head_json":{"title":"Ma\u00edz pira - Gracol","robots":{"index":"index","follow":"follow","max-snippet":"max-snippet:-1","max-image-preview":"max-image-preview:large","max-video-preview":"max-video-preview:-1"},"canonical":"https:\/\/gracol.com.co\/en\/product\/maiz-pira\/","og_locale":"en_US","og_type":"article","og_title":"Ma\u00edz pira - Gracol","og_description":"Nuestro Ma\u00edz Piro ALGRAN, es perfecto poro disfrutar en familia de momentos \u00fanicos y llenos de sabor.","og_url":"https:\/\/gracol.com.co\/en\/product\/maiz-pira\/","og_site_name":"Gracol","article_modified_time":"2024-02-20T19:51:16+00:00","og_image":[{"width":1140,"height":1262,"url":"https:\/\/gracol.com.co\/wp-content\/uploads\/2024\/02\/producto-gracol-maiz-pira.png","type":"image\/png"}],"twitter_card":"summary_large_image","schema":{"@context":"https:\/\/schema.org","@graph":[{"@type":"WebPage","@id":"https:\/\/gracol.com.co\/producto\/maiz-pira\/","url":"https:\/\/gracol.com.co\/producto\/maiz-pira\/","name":"Ma\u00edz pira - Gracol","isPartOf":{"@id":"https:\/\/gracol.com.co\/#website"},"primaryImageOfPage":{"@id":"https:\/\/gracol.com.co\/producto\/maiz-pira\/#primaryimage"},"image":{"@id":"https:\/\/gracol.com.co\/producto\/maiz-pira\/#primaryimage"},"thumbnailUrl":"https:\/\/gracol.com.co\/wp-content\/uploads\/2024\/02\/producto-gracol-maiz-pira.png","datePublished":"2024-02-20T14:44:53+00:00","dateModified":"2024-02-20T19:51:16+00:00","breadcrumb":{"@id":"https:\/\/gracol.com.co\/producto\/maiz-pira\/#breadcrumb"},"inLanguage":"en-US","potentialAction":[{"@type":"ReadAction","target":["https:\/\/gracol.com.co\/producto\/maiz-pira\/"]}]},{"@type":"ImageObject","inLanguage":"en-US","@id":"https:\/\/gracol.com.co\/producto\/maiz-pira\/#primaryimage","url":"https:\/\/gracol.com.co\/wp-content\/uploads\/2024\/02\/producto-gracol-maiz-pira.png","contentUrl":"https:\/\/gracol.com.co\/wp-content\/uploads\/2024\/02\/producto-gracol-maiz-pira.png","width":1140,"height":1262},{"@type":"BreadcrumbList","@id":"https:\/\/gracol.com.co\/producto\/maiz-pira\/#breadcrumb","itemListElement":[{"@type":"ListItem","position":1,"name":"Portada","item":"https:\/\/gracol.com.co\/"},{"@type":"ListItem","position":2,"name":"Productos","item":"https:\/\/gracol.com.co\/tienda\/"},{"@type":"ListItem","position":3,"name":"Ma\u00edz pira"}]},{"@type":"WebSite","@id":"https:\/\/gracol.com.co\/#website","url":"https:\/\/gracol.com.co\/","name":"Gracol","description":"","publisher":{"@id":"https:\/\/gracol.com.co\/#organization"},"potentialAction":[{"@type":"SearchAction","target":{"@type":"EntryPoint","urlTemplate":"https:\/\/gracol.com.co\/?s={search_term_string}"},"query-input":{"@type":"PropertyValueSpecification","valueRequired":true,"valueName":"search_term_string"}}],"inLanguage":"en-US"},{"@type":"Organization","@id":"https:\/\/gracol.com.co\/#organization","name":"Gracol","url":"https:\/\/gracol.com.co\/","logo":{"@type":"ImageObject","inLanguage":"en-US","@id":"https:\/\/gracol.com.co\/#\/schema\/logo\/image\/","url":"https:\/\/gracol.com.co\/wp-content\/uploads\/2024\/01\/Logo-Gracol.png","contentUrl":"https:\/\/gracol.com.co\/wp-content\/uploads\/2024\/01\/Logo-Gracol.png","width":511,"height":233,"caption":"Gracol"},"image":{"@id":"https:\/\/gracol.com.co\/#\/schema\/logo\/image\/"}}]}},"_links":{"self":[{"href":"https:\/\/gracol.com.co\/en\/wp-json\/wp\/v2\/product\/1080","targetHints":{"allow":["GET"]}}],"collection":[{"href":"https:\/\/gracol.com.co\/en\/wp-json\/wp\/v2\/product"}],"about":[{"href":"https:\/\/gracol.com.co\/en\/wp-json\/wp\/v2\/types\/product"}],"replies":[{"embeddable":true,"href":"https:\/\/gracol.com.co\/en\/wp-json\/wp\/v2\/comments?post=1080"}],"wp:featuredmedia":[{"embeddable":true,"href":"https:\/\/gracol.com.co\/en\/wp-json\/wp\/v2\/media\/1127"}],"wp:attachment":[{"href":"https:\/\/gracol.com.co\/en\/wp-json\/wp\/v2\/media?parent=1080"}],"wp:term":[{"taxonomy":"product_cat","embeddable":true,"href":"https:\/\/gracol.com.co\/en\/wp-json\/wp\/v2\/product_cat?post=1080"},{"taxonomy":"product_tag","embeddable":true,"href":"https:\/\/gracol.com.co\/en\/wp-json\/wp\/v2\/product_tag?post=1080"}],"curies":[{"name":"wp","href":"https:\/\/api.w.org\/{rel}","templated":true}]}}