{"id":1078,"date":"2024-02-20T14:44:53","date_gmt":"2024-02-20T14:44:53","guid":{"rendered":"https:\/\/gracol.com.co\/producto\/cargamanto-blanco\/"},"modified":"2024-02-20T19:51:14","modified_gmt":"2024-02-20T19:51:14","slug":"cargamanto-blanco","status":"publish","type":"product","link":"https:\/\/gracol.com.co\/en\/product\/cargamanto-blanco\/","title":{"rendered":"Cranberry Bean (White)"},"content":{"rendered":"<p>Never miss our Beans<br \/>\nALGRAN White Cargo in your pantry.<br \/>\nIn addition to being a highly nutritious food<br \/>\nand healthy are a perfect accompaniment<br \/>\nfor a number of recipes. Poro enjoy<br \/>\nthis delicious food you just have to cook them or<br \/>\nslow roast and season them with your favorite seasonings.<\/p>","protected":false},"excerpt":{"rendered":"<p>Our ALGRAN White Beans should never be missing in your pantry. Besides being a highly nutritious and healthy food, they are a perfect accompaniment for a number of recipes. To enjoy this delicious food you only need to cook or slow cook them and season them with your favorite seasonings.<\/p>","protected":false},"featured_media":1118,"comment_status":"closed","ping_status":"closed","template":"","meta":{"_joinchat":[]},"product_cat":[20,29],"product_tag":[],"class_list":{"0":"post-1078","1":"product","2":"type-product","3":"status-publish","4":"has-post-thumbnail","6":"product_cat-todoslosproductos","7":"product_cat-granos-y-cereales","9":"first","10":"instock","11":"shipping-taxable","12":"product-type-simple"},"yoast_head":"<!-- This site is optimized with the Yoast SEO plugin v23.5 - https:\/\/yoast.com\/wordpress\/plugins\/seo\/ -->\n<title>Cargamanto blanco - Gracol<\/title>\n<meta name=\"robots\" content=\"index, follow, max-snippet:-1, max-image-preview:large, max-video-preview:-1\" \/>\n<link rel=\"canonical\" href=\"https:\/\/gracol.com.co\/en\/product\/cargamanto-blanco\/\" \/>\n<meta property=\"og:locale\" content=\"en_US\" \/>\n<meta property=\"og:type\" content=\"article\" \/>\n<meta property=\"og:title\" content=\"Cargamanto blanco - Gracol\" \/>\n<meta property=\"og:description\" content=\"Nunca deben faltar nuestros Frijoles Cargamentos Blancos ALGRAN en tu despensa. Adem\u00e1s de ser un alimento altamente nutritivo y saludable son un perfecto acompa\u00f1amiento para una cantidad de recetas. Poro disfrutar de este riqu\u00edsimo alimento solo debes cocinarlos o ruego lento y sazonarlos con tus condimentos preferidos.\" \/>\n<meta property=\"og:url\" content=\"https:\/\/gracol.com.co\/en\/product\/cargamanto-blanco\/\" \/>\n<meta property=\"og:site_name\" content=\"Gracol\" \/>\n<meta property=\"article:modified_time\" content=\"2024-02-20T19:51:14+00:00\" \/>\n<meta property=\"og:image\" content=\"https:\/\/gracol.com.co\/wp-content\/uploads\/2024\/02\/producto-gracol-cargamanto-blanco.png\" \/>\n\t<meta property=\"og:image:width\" content=\"1140\" \/>\n\t<meta property=\"og:image:height\" content=\"1262\" \/>\n\t<meta property=\"og:image:type\" content=\"image\/png\" \/>\n<meta name=\"twitter:card\" content=\"summary_large_image\" \/>\n<script type=\"application\/ld+json\" class=\"yoast-schema-graph\">{\"@context\":\"https:\/\/schema.org\",\"@graph\":[{\"@type\":\"WebPage\",\"@id\":\"https:\/\/gracol.com.co\/producto\/cargamanto-blanco\/\",\"url\":\"https:\/\/gracol.com.co\/producto\/cargamanto-blanco\/\",\"name\":\"Cargamanto blanco - Gracol\",\"isPartOf\":{\"@id\":\"https:\/\/gracol.com.co\/#website\"},\"primaryImageOfPage\":{\"@id\":\"https:\/\/gracol.com.co\/producto\/cargamanto-blanco\/#primaryimage\"},\"image\":{\"@id\":\"https:\/\/gracol.com.co\/producto\/cargamanto-blanco\/#primaryimage\"},\"thumbnailUrl\":\"https:\/\/gracol.com.co\/wp-content\/uploads\/2024\/02\/producto-gracol-cargamanto-blanco.png\",\"datePublished\":\"2024-02-20T14:44:53+00:00\",\"dateModified\":\"2024-02-20T19:51:14+00:00\",\"breadcrumb\":{\"@id\":\"https:\/\/gracol.com.co\/producto\/cargamanto-blanco\/#breadcrumb\"},\"inLanguage\":\"en-US\",\"potentialAction\":[{\"@type\":\"ReadAction\",\"target\":[\"https:\/\/gracol.com.co\/producto\/cargamanto-blanco\/\"]}]},{\"@type\":\"ImageObject\",\"inLanguage\":\"en-US\",\"@id\":\"https:\/\/gracol.com.co\/producto\/cargamanto-blanco\/#primaryimage\",\"url\":\"https:\/\/gracol.com.co\/wp-content\/uploads\/2024\/02\/producto-gracol-cargamanto-blanco.png\",\"contentUrl\":\"https:\/\/gracol.com.co\/wp-content\/uploads\/2024\/02\/producto-gracol-cargamanto-blanco.png\",\"width\":1140,\"height\":1262},{\"@type\":\"BreadcrumbList\",\"@id\":\"https:\/\/gracol.com.co\/producto\/cargamanto-blanco\/#breadcrumb\",\"itemListElement\":[{\"@type\":\"ListItem\",\"position\":1,\"name\":\"Portada\",\"item\":\"https:\/\/gracol.com.co\/\"},{\"@type\":\"ListItem\",\"position\":2,\"name\":\"Productos\",\"item\":\"https:\/\/gracol.com.co\/tienda\/\"},{\"@type\":\"ListItem\",\"position\":3,\"name\":\"Cargamanto blanco\"}]},{\"@type\":\"WebSite\",\"@id\":\"https:\/\/gracol.com.co\/#website\",\"url\":\"https:\/\/gracol.com.co\/\",\"name\":\"Gracol\",\"description\":\"\",\"publisher\":{\"@id\":\"https:\/\/gracol.com.co\/#organization\"},\"potentialAction\":[{\"@type\":\"SearchAction\",\"target\":{\"@type\":\"EntryPoint\",\"urlTemplate\":\"https:\/\/gracol.com.co\/?s={search_term_string}\"},\"query-input\":{\"@type\":\"PropertyValueSpecification\",\"valueRequired\":true,\"valueName\":\"search_term_string\"}}],\"inLanguage\":\"en-US\"},{\"@type\":\"Organization\",\"@id\":\"https:\/\/gracol.com.co\/#organization\",\"name\":\"Gracol\",\"url\":\"https:\/\/gracol.com.co\/\",\"logo\":{\"@type\":\"ImageObject\",\"inLanguage\":\"en-US\",\"@id\":\"https:\/\/gracol.com.co\/#\/schema\/logo\/image\/\",\"url\":\"https:\/\/gracol.com.co\/wp-content\/uploads\/2024\/01\/Logo-Gracol.png\",\"contentUrl\":\"https:\/\/gracol.com.co\/wp-content\/uploads\/2024\/01\/Logo-Gracol.png\",\"width\":511,\"height\":233,\"caption\":\"Gracol\"},\"image\":{\"@id\":\"https:\/\/gracol.com.co\/#\/schema\/logo\/image\/\"}}]}<\/script>\n<!-- \/ Yoast SEO plugin. -->","yoast_head_json":{"title":"Cargamanto blanco - Gracol","robots":{"index":"index","follow":"follow","max-snippet":"max-snippet:-1","max-image-preview":"max-image-preview:large","max-video-preview":"max-video-preview:-1"},"canonical":"https:\/\/gracol.com.co\/en\/product\/cargamanto-blanco\/","og_locale":"en_US","og_type":"article","og_title":"Cargamanto blanco - Gracol","og_description":"Nunca deben faltar nuestros Frijoles Cargamentos Blancos ALGRAN en tu despensa. Adem\u00e1s de ser un alimento altamente nutritivo y saludable son un perfecto acompa\u00f1amiento para una cantidad de recetas. Poro disfrutar de este riqu\u00edsimo alimento solo debes cocinarlos o ruego lento y sazonarlos con tus condimentos preferidos.","og_url":"https:\/\/gracol.com.co\/en\/product\/cargamanto-blanco\/","og_site_name":"Gracol","article_modified_time":"2024-02-20T19:51:14+00:00","og_image":[{"width":1140,"height":1262,"url":"https:\/\/gracol.com.co\/wp-content\/uploads\/2024\/02\/producto-gracol-cargamanto-blanco.png","type":"image\/png"}],"twitter_card":"summary_large_image","schema":{"@context":"https:\/\/schema.org","@graph":[{"@type":"WebPage","@id":"https:\/\/gracol.com.co\/producto\/cargamanto-blanco\/","url":"https:\/\/gracol.com.co\/producto\/cargamanto-blanco\/","name":"Cargamanto blanco - Gracol","isPartOf":{"@id":"https:\/\/gracol.com.co\/#website"},"primaryImageOfPage":{"@id":"https:\/\/gracol.com.co\/producto\/cargamanto-blanco\/#primaryimage"},"image":{"@id":"https:\/\/gracol.com.co\/producto\/cargamanto-blanco\/#primaryimage"},"thumbnailUrl":"https:\/\/gracol.com.co\/wp-content\/uploads\/2024\/02\/producto-gracol-cargamanto-blanco.png","datePublished":"2024-02-20T14:44:53+00:00","dateModified":"2024-02-20T19:51:14+00:00","breadcrumb":{"@id":"https:\/\/gracol.com.co\/producto\/cargamanto-blanco\/#breadcrumb"},"inLanguage":"en-US","potentialAction":[{"@type":"ReadAction","target":["https:\/\/gracol.com.co\/producto\/cargamanto-blanco\/"]}]},{"@type":"ImageObject","inLanguage":"en-US","@id":"https:\/\/gracol.com.co\/producto\/cargamanto-blanco\/#primaryimage","url":"https:\/\/gracol.com.co\/wp-content\/uploads\/2024\/02\/producto-gracol-cargamanto-blanco.png","contentUrl":"https:\/\/gracol.com.co\/wp-content\/uploads\/2024\/02\/producto-gracol-cargamanto-blanco.png","width":1140,"height":1262},{"@type":"BreadcrumbList","@id":"https:\/\/gracol.com.co\/producto\/cargamanto-blanco\/#breadcrumb","itemListElement":[{"@type":"ListItem","position":1,"name":"Portada","item":"https:\/\/gracol.com.co\/"},{"@type":"ListItem","position":2,"name":"Productos","item":"https:\/\/gracol.com.co\/tienda\/"},{"@type":"ListItem","position":3,"name":"Cargamanto blanco"}]},{"@type":"WebSite","@id":"https:\/\/gracol.com.co\/#website","url":"https:\/\/gracol.com.co\/","name":"Gracol","description":"","publisher":{"@id":"https:\/\/gracol.com.co\/#organization"},"potentialAction":[{"@type":"SearchAction","target":{"@type":"EntryPoint","urlTemplate":"https:\/\/gracol.com.co\/?s={search_term_string}"},"query-input":{"@type":"PropertyValueSpecification","valueRequired":true,"valueName":"search_term_string"}}],"inLanguage":"en-US"},{"@type":"Organization","@id":"https:\/\/gracol.com.co\/#organization","name":"Gracol","url":"https:\/\/gracol.com.co\/","logo":{"@type":"ImageObject","inLanguage":"en-US","@id":"https:\/\/gracol.com.co\/#\/schema\/logo\/image\/","url":"https:\/\/gracol.com.co\/wp-content\/uploads\/2024\/01\/Logo-Gracol.png","contentUrl":"https:\/\/gracol.com.co\/wp-content\/uploads\/2024\/01\/Logo-Gracol.png","width":511,"height":233,"caption":"Gracol"},"image":{"@id":"https:\/\/gracol.com.co\/#\/schema\/logo\/image\/"}}]}},"_links":{"self":[{"href":"https:\/\/gracol.com.co\/en\/wp-json\/wp\/v2\/product\/1078","targetHints":{"allow":["GET"]}}],"collection":[{"href":"https:\/\/gracol.com.co\/en\/wp-json\/wp\/v2\/product"}],"about":[{"href":"https:\/\/gracol.com.co\/en\/wp-json\/wp\/v2\/types\/product"}],"replies":[{"embeddable":true,"href":"https:\/\/gracol.com.co\/en\/wp-json\/wp\/v2\/comments?post=1078"}],"wp:featuredmedia":[{"embeddable":true,"href":"https:\/\/gracol.com.co\/en\/wp-json\/wp\/v2\/media\/1118"}],"wp:attachment":[{"href":"https:\/\/gracol.com.co\/en\/wp-json\/wp\/v2\/media?parent=1078"}],"wp:term":[{"taxonomy":"product_cat","embeddable":true,"href":"https:\/\/gracol.com.co\/en\/wp-json\/wp\/v2\/product_cat?post=1078"},{"taxonomy":"product_tag","embeddable":true,"href":"https:\/\/gracol.com.co\/en\/wp-json\/wp\/v2\/product_tag?post=1078"}],"curies":[{"name":"wp","href":"https:\/\/api.w.org\/{rel}","templated":true}]}}